{"id":7,"date":"2023-03-05T19:28:22","date_gmt":"2023-03-05T18:28:22","guid":{"rendered":"http:\/\/metamorphoses-urbaines.fr\/?page_id=7"},"modified":"2025-04-12T09:14:49","modified_gmt":"2025-04-12T07:14:49","slug":"a-propos","status":"publish","type":"page","link":"https:\/\/metamorphoses-urbaines.fr\/index.php\/a-propos\/","title":{"rendered":"Qui sommes-nous ?"},"content":{"rendered":"\n<p><\/p>\n\n\n<div class=\"wp-block-image\">\n<figure class=\"alignleft size-large is-resized\"><img loading=\"lazy\" decoding=\"async\" width=\"1024\" height=\"768\" src=\"http:\/\/metamorphoses-urbaines.fr\/wp-content\/uploads\/2024\/01\/IMG_4860-1024x768.jpeg\" alt=\"\" class=\"wp-image-253\" style=\"width:373px;height:auto\" srcset=\"https:\/\/metamorphoses-urbaines.fr\/wp-content\/uploads\/2024\/01\/IMG_4860-1024x768.jpeg 1024w, https:\/\/metamorphoses-urbaines.fr\/wp-content\/uploads\/2024\/01\/IMG_4860-300x225.jpeg 300w, https:\/\/metamorphoses-urbaines.fr\/wp-content\/uploads\/2024\/01\/IMG_4860-768x576.jpeg 768w, https:\/\/metamorphoses-urbaines.fr\/wp-content\/uploads\/2024\/01\/IMG_4860-1536x1152.jpeg 1536w, https:\/\/metamorphoses-urbaines.fr\/wp-content\/uploads\/2024\/01\/IMG_4860-2048x1536.jpeg 2048w\" sizes=\"auto, (max-width: 1024px) 100vw, 1024px\" \/><\/figure>\n<\/div>\n\n\n<p class=\"has-medium-font-size\">L\u2019agence <strong>M\u00e9tamorphoses Urbaines<\/strong> place le vivant au c\u0153ur de son approche, de sa d\u00e9marche et de sa strat\u00e9gie territoriale en g\u00e9n\u00e9ral, et en particulier urbaine.&nbsp;<br>Jeune pousse sortie de terre en 2023, l&rsquo;agence est le fruit d&rsquo;un arbre dont les racines ont 20 ans. <br><br>Elle se positionne dans une attitude de <strong>m\u00e9diation<\/strong>, de <strong>r\u00e9flexion<\/strong> et d\u2019<strong>accompagnement<\/strong> des acteurs de la ville dans l\u2019\u00e9volution des territoires, dans un objectif de m\u00e9nagement. On entend par m\u00e9nagement le fait de prendre soin des territoires et du vivant (humain et non humain), mais \u00e9galement l\u2019id\u00e9e, plus ancienne, d\u2019\u00ab&nbsp;employer quelque chose avec \u00e9conomie, avec mesure de mani\u00e8re \u00e0 l&rsquo;utiliser au mieux&nbsp;\u00bb (Larousse de la langue fran\u00e7aise).<\/p>\n\n\n\n<p class=\"has-medium-font-size\">Convaincu que ville ne peut se faire se transformer durablement sans cette approche de l\u2019\u00e9conomie et du prendre soin, M\u00e9tamorphoses Urbaines s\u2019inscrit dans cette continuit\u00e9 de pens\u00e9e afin d\u2019\u00e9clairer et d\u2019accompagner les acteurs dans leur transition et changement de paradigme.<\/p>\n\n\n\n<p><\/p>\n\n\n\n<div class=\"wp-block-cover\" style=\"min-height:100vh;aspect-ratio:unset;\"><span aria-hidden=\"true\" class=\"wp-block-cover__background has-nv-dark-bg-background-color has-background-dim-100 has-background-dim\"><\/span><div class=\"wp-block-cover__inner-container is-layout-flow wp-block-cover-is-layout-flow\">\n<div class=\"wp-block-group\"><div class=\"wp-block-group__inner-container is-layout-flow wp-block-group-is-layout-flow\">\n<h1 class=\"wp-block-heading\">L&rsquo;\u00e9quipe<\/h1>\n<\/div><\/div>\n\n\n<div class=\"wp-block-image\">\n<figure class=\"alignleft is-resized\"><img loading=\"lazy\" decoding=\"async\" width=\"816\" height=\"1024\" src=\"http:\/\/metamorphoses-urbaines.fr\/wp-content\/uploads\/2023\/03\/Laurent@OV-816x1024.jpg\" alt=\"\" class=\"wp-image-60\" style=\"width:237px;height:auto\" srcset=\"https:\/\/metamorphoses-urbaines.fr\/wp-content\/uploads\/2023\/03\/Laurent@OV-816x1024.jpg 816w, https:\/\/metamorphoses-urbaines.fr\/wp-content\/uploads\/2023\/03\/Laurent@OV-239x300.jpg 239w, https:\/\/metamorphoses-urbaines.fr\/wp-content\/uploads\/2023\/03\/Laurent@OV-768x964.jpg 768w, https:\/\/metamorphoses-urbaines.fr\/wp-content\/uploads\/2023\/03\/Laurent@OV-1224x1536.jpg 1224w, https:\/\/metamorphoses-urbaines.fr\/wp-content\/uploads\/2023\/03\/Laurent@OV.jpg 1594w\" sizes=\"auto, (max-width: 816px) 100vw, 816px\" \/><\/figure>\n<\/div>\n\n\n<h3 class=\"wp-block-heading\">Laurent Pinon<\/h3>\n\n\n\n<p>Direction, g\u00e9rant<\/p>\n\n\n\n<p>Laurent Pinon est architecte DPLG, urbaniste (Ecole d\u2019architecture de Versailles) et dipl\u00f4m\u00e9 en droit et \u00e9conomie immobiliers (CERCOL, Panth\u00e9on-Assas). Son c\u0153ur de m\u00e9tier est la programmation qu\u2019il d\u00e9veloppe depuis 20 ans. Il exercera \u00e0 Alphaville, assurant la pr\u00e9sidence et direction-associ\u00e9e de cette agence pendant 10 ans, y recevant en 2007 le Palmar\u00e8s des Jeunes Urbanistes. Il enseigne depuis 10 ans \u00e0 l\u2019Ecole d\u2019architecture de Grenoble et \u00e0 l\u2019Ecole Urbaine de SciencePo Paris apr\u00e8s \u00eatre intervenu pendant plusieurs ann\u00e9es en G\u00e9nie Urbain \u00e0 l\u2019Universit\u00e9 Gustave Eiffel, au CESI et \u00e0 l\u2019Ecole du paysage de Versailles. Il est co-auteur du livre \u00ab&nbsp;Territoires submerg\u00e9s&nbsp;\u00bb \u00e9dit\u00e9 par Terre Urbaine en 2023 et l\u2019auteur de plusieurs articles dans le magazine Ecologik entre 2017 et 2019 (voir dans presse &amp; publication). Laurent Pinon assure le commissariat d\u2019exposition de la d\u00e9marche artistique des M\u00e9tamorphoses Urbaines (voir <a href=\"https:\/\/metamorphoses-urbaines.fr\/index.php\/portofolio\/\">Programmation culturelle<\/a>).<\/p>\n\n\n\n<p><\/p>\n\n\n\n<p><\/p>\n\n\n<div class=\"wp-block-image\">\n<figure class=\"alignleft is-resized\"><img decoding=\"async\" src=\"http:\/\/metamorphoses-urbaines.fr\/wp-content\/uploads\/2024\/01\/Jacky-Au-NB-e1704566058716-969x1024.png\" alt=\"\" class=\"wp-image-134\" style=\"width:199px;height:auto\"\/><\/figure>\n<\/div>\n\n\n<h3 class=\"wp-block-heading\">Jacky Au<\/h3>\n\n\n\n<p>Chef de projet<\/p>\n\n\n\n<p>Jacky est ing\u00e9nieur ma\u00eetre en g\u00e9nie urbain et d\u00e9tient un master en d\u00e9veloppement urbain durable (Universit\u00e9 Gustave Eiffel). Apr\u00e8s 17 ans pass\u00e9s dans l\u2019agence Alphaville, o\u00f9 il d\u00e9veloppe une expertise en programmation urbaine, d\u2019\u00e9quipements et en programmation architecturale, il rejoint l\u2019\u00e9quipe de M\u00e9tamorphoses Urbaines. Jacky s\u2019est sp\u00e9cialis\u00e9 en SIG et mod\u00e9lisation 3D pour donner \u00e0 voir la programmation.<\/p>\n\n\n\n<p><\/p>\n\n\n\n<p><\/p>\n\n\n<div class=\"wp-block-image\">\n<figure class=\"alignleft is-resized\"><img loading=\"lazy\" decoding=\"async\" width=\"683\" height=\"1024\" src=\"http:\/\/metamorphoses-urbaines.fr\/wp-content\/uploads\/2024\/01\/Margot-683x1024.png\" alt=\"\" class=\"wp-image-135\" style=\"width:195px;height:auto\" srcset=\"https:\/\/metamorphoses-urbaines.fr\/wp-content\/uploads\/2024\/01\/Margot-683x1024.png 683w, https:\/\/metamorphoses-urbaines.fr\/wp-content\/uploads\/2024\/01\/Margot-200x300.png 200w, https:\/\/metamorphoses-urbaines.fr\/wp-content\/uploads\/2024\/01\/Margot-768x1152.png 768w, https:\/\/metamorphoses-urbaines.fr\/wp-content\/uploads\/2024\/01\/Margot-1024x1536.png 1024w, https:\/\/metamorphoses-urbaines.fr\/wp-content\/uploads\/2024\/01\/Margot-1365x2048.png 1365w\" sizes=\"auto, (max-width: 683px) 100vw, 683px\" \/><\/figure>\n<\/div>\n\n\n<h3 class=\"wp-block-heading\">Margot Liebel<\/h3>\n\n\n\n<p>Cheffe de projet<\/p>\n\n\n\n<p>Son app\u00e9tence pour les sciences sociales et la g\u00e9ographie a naturellement guid\u00e9 Margot vers l\u2019urbanisme. Directement apr\u00e8s son Master 2 et Magist\u00e8re en urbanisme et am\u00e9nagement (Universit\u00e9 Paris 1 Panth\u00e9on-Sorbonne), Margot se forme pendant 2 ans dans l\u2019agence Alphaville puis rejoint M\u00e9tamorphoses Urbaines. Elle porte des missions aux enjeux multiscalaires, de la strat\u00e9gie territoriale, au projet urbain et \u00e0 sa d\u00e9clinaison programmatique. Au fil de ses missions \u00e0 l\u2019agence et de ses recherches, elle cultive des connaissances sur les projets et les outils d\u2019adaptation des territoires face au changement climatique, et notamment face aux risques littoraux. Margot est co-autrice du livre \u00ab&nbsp;Territoires submerg\u00e9s&nbsp;\u00bb \u00e9dit\u00e9 par Terre Urbaine en 2023. Elle assiste l\u2019enseignement de Laurent Pinon \u00e0 l\u2019\u00c9cole Urbaine de SciencePo Paris.<\/p>\n\n\n\n<p><\/p>\n\n\n\n<p><\/p>\n\n\n<div class=\"wp-block-image\">\n<figure class=\"alignleft is-resized\"><img loading=\"lazy\" decoding=\"async\" width=\"683\" height=\"1024\" src=\"http:\/\/metamorphoses-urbaines.fr\/wp-content\/uploads\/2024\/01\/Enora-683x1024.png\" alt=\"\" class=\"wp-image-146\" style=\"width:198px;height:auto\" srcset=\"https:\/\/metamorphoses-urbaines.fr\/wp-content\/uploads\/2024\/01\/Enora-683x1024.png 683w, https:\/\/metamorphoses-urbaines.fr\/wp-content\/uploads\/2024\/01\/Enora-200x300.png 200w, https:\/\/metamorphoses-urbaines.fr\/wp-content\/uploads\/2024\/01\/Enora-768x1152.png 768w, https:\/\/metamorphoses-urbaines.fr\/wp-content\/uploads\/2024\/01\/Enora-1024x1536.png 1024w, https:\/\/metamorphoses-urbaines.fr\/wp-content\/uploads\/2024\/01\/Enora-1365x2048.png 1365w\" sizes=\"auto, (max-width: 683px) 100vw, 683px\" \/><\/figure>\n<\/div>\n\n\n<h3 class=\"wp-block-heading\">Enora Acheritogaray<\/h3>\n\n\n\n<p>Charg\u00e9e d\u2019\u00e9tudes<\/p>\n\n\n\n<p>Enora cultive la transversalit\u00e9, entre urbanisme, g\u00e9ographie et sciences humaines, apr\u00e8s un Master 2 en D\u00e9veloppement urbain int\u00e9gr\u00e9 (Ecole d\u2019urbanisme de Paris) et un Master 2 Ville et environnements urbains (\u00c9cole urbaine de Lyon, Universit\u00e9 Lumi\u00e8res Lyon 2). Enora con\u00e7oit la programmation comme une d\u00e9marche permettant de placer le vivant au c\u0153ur de son environnement. Ses exp\u00e9riences lui confirment la richesse de la parole citoyenne et du travail collectif pour faire projet urbain et engager la transition \u00e9cologique des territoires en valorisant la ma\u00eetrise d\u2019usage. Elle int\u00e8gre le service Politique de la ville, D\u00e9mocratie et Citoyennet\u00e9 de la ville d\u2019Aubervilliers puis l\u2019agence Alphaville. Enora rejoint M\u00e9tamorphoses Urbaines pour mener des missions de strat\u00e9gie territoriale et de programmation urbaine. Enora a contribu\u00e9 \u00e0 l\u2019ouvrage Producing and Living the high-rise, publi\u00e9 en 2023 par Vernon Press. Elle enseigne \u00e0 l\u2019\u00c9cole des Ing\u00e9nieurs de la ville de Paris et assiste l\u2019enseignement de Laurent Pinon \u00e0 l\u2019\u00c9cole Urbaine de SciencePo Paris.<\/p>\n\n\n\n<p><\/p>\n\n\n\n<p><\/p>\n\n\n<div class=\"wp-block-image\">\n<figure class=\"alignleft is-resized\"><img loading=\"lazy\" decoding=\"async\" width=\"731\" height=\"1024\" src=\"http:\/\/metamorphoses-urbaines.fr\/wp-content\/uploads\/2024\/01\/Leila-731x1024.png\" alt=\"\" class=\"wp-image-143\" style=\"width:146px;height:auto\" srcset=\"https:\/\/metamorphoses-urbaines.fr\/wp-content\/uploads\/2024\/01\/Leila-731x1024.png 731w, https:\/\/metamorphoses-urbaines.fr\/wp-content\/uploads\/2024\/01\/Leila-214x300.png 214w, https:\/\/metamorphoses-urbaines.fr\/wp-content\/uploads\/2024\/01\/Leila-768x1075.png 768w, https:\/\/metamorphoses-urbaines.fr\/wp-content\/uploads\/2024\/01\/Leila-1097x1536.png 1097w, https:\/\/metamorphoses-urbaines.fr\/wp-content\/uploads\/2024\/01\/Leila-1463x2048.png 1463w\" sizes=\"auto, (max-width: 731px) 100vw, 731px\" \/><\/figure>\n<\/div>\n\n\n<h3 class=\"wp-block-heading\">Le\u00efla Quillec<\/h3>\n\n\n\n<p>Charg\u00e9e d\u2019\u00e9tudes<\/p>\n\n\n\n<p>Le\u00efla est Ing\u00e9nieure (\u00c9cole Centrale de Lille) et urbaniste (Universit\u00e9 Polytechnique de Milan). Elle explore la question du m\u00e9tabolisme territorial du SCoT du Pays Basque et Seignanx puis passe \u00e0 Alphaville et int\u00e8gre l\u2019agence M\u00e9tamorphoses Urbaines. Le\u00efla contribue aux missions de strat\u00e9gie territoriale, programmation urbaine et scolaire. &nbsp;<\/p>\n\n\n\n<h3 class=\"wp-block-heading\"><\/h3>\n\n\n\n<p><\/p>\n\n\n\n<p><\/p>\n\n\n\n<p><\/p>\n\n\n\n<h3 class=\"wp-block-heading\">Estelle Guilmet<\/h3>\n\n\n\n<p>Responsable administrative et financi\u00e8re<\/p>\n\n\n\n<p>Dipl\u00f4m\u00e9e d\u2019un Master of Business Administration \u00e0 Central Michigan University, <strong>Estelle Guilmet<\/strong> a pr\u00e9f\u00e9r\u00e9 le monde du voyage \u00e0 celui de la finance. Elle s\u2019est alors lanc\u00e9e dans l\u2019organisation d\u2019\u00e9v\u00e8nements \u00e0 l\u2019\u00e9tranger qu\u2019elle a exerc\u00e9 pendant plusieurs ann\u00e9es avant de gagner le monde de l\u2019ing\u00e9nierie p\u00e9dagogique, de la formation dans le g\u00e9nie urbain, l&rsquo;urbanisme et la transformation \u00e9cologique. Estelle collabore avec M\u00e9tamorphoses Urbaines sur les questions administratives, financi\u00e8res et \u00e9v\u00e8nementielles.<\/p>\n\n\n\n<p><\/p>\n\n\n\n<p><\/p>\n<\/div><\/div>\n\n\n\n<p><\/p>\n","protected":false},"excerpt":{"rendered":"<p>L\u2019agence M\u00e9tamorphoses Urbaines place le vivant au c\u0153ur de son approche, de sa d\u00e9marche et de sa strat\u00e9gie territoriale en g\u00e9n\u00e9ral, et en particulier urbaine.&nbsp;Jeune pousse sortie de terre en 2023, l&rsquo;agence est le fruit d&rsquo;un arbre dont les racines ont 20 ans. Elle se positionne dans une attitude de m\u00e9diation, de r\u00e9flexion et d\u2019accompagnement&hellip;&nbsp;<a href=\"https:\/\/metamorphoses-urbaines.fr\/index.php\/a-propos\/\" class=\"\" rel=\"bookmark\">Lire la suite &raquo;<span class=\"screen-reader-text\">Qui sommes-nous ?<\/span><\/a><\/p>\n","protected":false},"author":1,"featured_media":0,"parent":0,"menu_order":0,"comment_status":"closed","ping_status":"closed","template":"","meta":{"neve_meta_sidebar":"","neve_meta_container":"","neve_meta_enable_content_width":"on","neve_meta_content_width":100,"neve_meta_title_alignment":"","neve_meta_author_avatar":"","neve_post_elements_order":"","neve_meta_disable_header":"","neve_meta_disable_footer":"","neve_meta_disable_title":"on","footnotes":""},"class_list":["post-7","page","type-page","status-publish","hentry"],"_links":{"self":[{"href":"https:\/\/metamorphoses-urbaines.fr\/index.php\/wp-json\/wp\/v2\/pages\/7","targetHints":{"allow":["GET"]}}],"collection":[{"href":"https:\/\/metamorphoses-urbaines.fr\/index.php\/wp-json\/wp\/v2\/pages"}],"about":[{"href":"https:\/\/metamorphoses-urbaines.fr\/index.php\/wp-json\/wp\/v2\/types\/page"}],"author":[{"embeddable":true,"href":"https:\/\/metamorphoses-urbaines.fr\/index.php\/wp-json\/wp\/v2\/users\/1"}],"replies":[{"embeddable":true,"href":"https:\/\/metamorphoses-urbaines.fr\/index.php\/wp-json\/wp\/v2\/comments?post=7"}],"version-history":[{"count":34,"href":"https:\/\/metamorphoses-urbaines.fr\/index.php\/wp-json\/wp\/v2\/pages\/7\/revisions"}],"predecessor-version":[{"id":1021,"href":"https:\/\/metamorphoses-urbaines.fr\/index.php\/wp-json\/wp\/v2\/pages\/7\/revisions\/1021"}],"wp:attachment":[{"href":"https:\/\/metamorphoses-urbaines.fr\/index.php\/wp-json\/wp\/v2\/media?parent=7"}],"curies":[{"name":"wp","href":"https:\/\/api.w.org\/{rel}","templated":true}]}}