{"id":561,"date":"2024-01-08T12:13:02","date_gmt":"2024-01-08T11:13:02","guid":{"rendered":"http:\/\/metamorphoses-urbaines.fr\/?page_id=561"},"modified":"2024-01-08T17:23:19","modified_gmt":"2024-01-08T16:23:19","slug":"publications-presse","status":"publish","type":"page","link":"https:\/\/metamorphoses-urbaines.fr\/index.php\/publications-presse\/","title":{"rendered":"Publications &#038; presse"},"content":{"rendered":"\n<p>L&rsquo;agence M\u00e9tamorphoses Urbaines a contribu\u00e9 \u00e0 plusieurs articles de presse, publications et valorisations \u00e9ditoriales.<\/p>\n\n\n\n<h3 class=\"wp-block-heading\">Dans le magazine <em>Ecologik<\/em><\/h3>\n\n\n\n<p><\/p>\n\n\n\n<figure class=\"wp-block-gallery has-nested-images columns-default is-cropped wp-block-gallery-1 is-layout-flex wp-block-gallery-is-layout-flex\">\n<figure class=\"wp-block-image size-large\"><a href=\"http:\/\/metamorphoses-urbaines.fr\/wp-content\/uploads\/2024\/01\/EK59_Articles_Laurent.pdf\"><img loading=\"lazy\" decoding=\"async\" width=\"770\" height=\"1024\" data-id=\"585\" src=\"http:\/\/metamorphoses-urbaines.fr\/wp-content\/uploads\/2024\/01\/EK59-770x1024.png\" alt=\"\" class=\"wp-image-585\" srcset=\"https:\/\/metamorphoses-urbaines.fr\/wp-content\/uploads\/2024\/01\/EK59-770x1024.png 770w, https:\/\/metamorphoses-urbaines.fr\/wp-content\/uploads\/2024\/01\/EK59-226x300.png 226w, https:\/\/metamorphoses-urbaines.fr\/wp-content\/uploads\/2024\/01\/EK59-768x1021.png 768w, https:\/\/metamorphoses-urbaines.fr\/wp-content\/uploads\/2024\/01\/EK59.png 808w\" sizes=\"auto, (max-width: 770px) 100vw, 770px\" \/><\/a><\/figure>\n\n\n\n<figure class=\"wp-block-image size-large\"><a href=\"http:\/\/metamorphoses-urbaines.fr\/wp-content\/uploads\/2024\/01\/EK60_DEF_DOS_Laurent.pdf\"><img loading=\"lazy\" decoding=\"async\" width=\"814\" height=\"1024\" data-id=\"587\" src=\"http:\/\/metamorphoses-urbaines.fr\/wp-content\/uploads\/2024\/01\/EK60-814x1024.png\" alt=\"\" class=\"wp-image-587\" srcset=\"https:\/\/metamorphoses-urbaines.fr\/wp-content\/uploads\/2024\/01\/EK60-814x1024.png 814w, https:\/\/metamorphoses-urbaines.fr\/wp-content\/uploads\/2024\/01\/EK60-238x300.png 238w, https:\/\/metamorphoses-urbaines.fr\/wp-content\/uploads\/2024\/01\/EK60-768x966.png 768w, https:\/\/metamorphoses-urbaines.fr\/wp-content\/uploads\/2024\/01\/EK60.png 1100w\" sizes=\"auto, (max-width: 814px) 100vw, 814px\" \/><\/a><\/figure>\n\n\n\n<figure class=\"wp-block-image size-large\"><a href=\"http:\/\/metamorphoses-urbaines.fr\/wp-content\/uploads\/2024\/01\/EK61_Laurent3.pdf\"><img loading=\"lazy\" decoding=\"async\" width=\"784\" height=\"1024\" data-id=\"586\" src=\"http:\/\/metamorphoses-urbaines.fr\/wp-content\/uploads\/2024\/01\/EK61_couv_bd-784x1024.jpg\" alt=\"\" class=\"wp-image-586\" srcset=\"https:\/\/metamorphoses-urbaines.fr\/wp-content\/uploads\/2024\/01\/EK61_couv_bd-784x1024.jpg 784w, https:\/\/metamorphoses-urbaines.fr\/wp-content\/uploads\/2024\/01\/EK61_couv_bd-230x300.jpg 230w, https:\/\/metamorphoses-urbaines.fr\/wp-content\/uploads\/2024\/01\/EK61_couv_bd-768x1004.jpg 768w, https:\/\/metamorphoses-urbaines.fr\/wp-content\/uploads\/2024\/01\/EK61_couv_bd-1175x1536.jpg 1175w, https:\/\/metamorphoses-urbaines.fr\/wp-content\/uploads\/2024\/01\/EK61_couv_bd.jpg 1252w\" sizes=\"auto, (max-width: 784px) 100vw, 784px\" \/><\/a><\/figure>\n<\/figure>\n\n\n\n<figure class=\"wp-block-image size-large is-resized\"><a href=\"http:\/\/metamorphoses-urbaines.fr\/wp-content\/uploads\/2024\/01\/EK62_Laurent3.pdf\"><img loading=\"lazy\" decoding=\"async\" width=\"806\" height=\"1024\" src=\"http:\/\/metamorphoses-urbaines.fr\/wp-content\/uploads\/2024\/01\/EK62-1-806x1024.png\" alt=\"\" class=\"wp-image-590\" style=\"width:387px;height:auto\" srcset=\"https:\/\/metamorphoses-urbaines.fr\/wp-content\/uploads\/2024\/01\/EK62-1-806x1024.png 806w, https:\/\/metamorphoses-urbaines.fr\/wp-content\/uploads\/2024\/01\/EK62-1-236x300.png 236w, https:\/\/metamorphoses-urbaines.fr\/wp-content\/uploads\/2024\/01\/EK62-1-768x976.png 768w, https:\/\/metamorphoses-urbaines.fr\/wp-content\/uploads\/2024\/01\/EK62-1.png 1092w\" sizes=\"auto, (max-width: 806px) 100vw, 806px\" \/><\/a><\/figure>\n\n\n\n<h2 class=\"wp-block-heading\">Des podcasts sur Radio Territoria<\/h2>\n\n\n\n<figure class=\"wp-block-gallery has-nested-images columns-default is-cropped wp-block-gallery-2 is-layout-flex wp-block-gallery-is-layout-flex\">\n<figure class=\"wp-block-image size-large\"><a href=\"https:\/\/radioterritoria.fr\/video\/5407-Montage-juridique-et-financier-dans-les-op\u00e9rations-d\u2019am\u00e9nagement\"><img loading=\"lazy\" decoding=\"async\" width=\"562\" height=\"896\" data-id=\"606\" src=\"http:\/\/metamorphoses-urbaines.fr\/wp-content\/uploads\/2024\/01\/Capture-decran-2024-01-08-a-17.16.27-1.png\" alt=\"\" class=\"wp-image-606\" srcset=\"https:\/\/metamorphoses-urbaines.fr\/wp-content\/uploads\/2024\/01\/Capture-decran-2024-01-08-a-17.16.27-1.png 562w, https:\/\/metamorphoses-urbaines.fr\/wp-content\/uploads\/2024\/01\/Capture-decran-2024-01-08-a-17.16.27-1-188x300.png 188w\" sizes=\"auto, (max-width: 562px) 100vw, 562px\" \/><\/a><\/figure>\n\n\n\n<figure class=\"wp-block-image size-large\"><a href=\"https:\/\/radioterritoria.fr\/broadcast\/4814-Les-projets-urbains-novateurs-sur-l\u2019\u00cele-de-la-R\u00e9union\"><img loading=\"lazy\" decoding=\"async\" width=\"542\" height=\"892\" data-id=\"607\" src=\"http:\/\/metamorphoses-urbaines.fr\/wp-content\/uploads\/2024\/01\/Capture-decran-2024-01-08-a-17.16.32-1.png\" alt=\"\" class=\"wp-image-607\" srcset=\"https:\/\/metamorphoses-urbaines.fr\/wp-content\/uploads\/2024\/01\/Capture-decran-2024-01-08-a-17.16.32-1.png 542w, https:\/\/metamorphoses-urbaines.fr\/wp-content\/uploads\/2024\/01\/Capture-decran-2024-01-08-a-17.16.32-1-182x300.png 182w\" sizes=\"auto, (max-width: 542px) 100vw, 542px\" \/><\/a><\/figure>\n\n\n\n<figure class=\"wp-block-image size-large\"><a href=\"https:\/\/radioterritoria.fr\/broadcast\/4331-Qu\u2019est-ce-qu\u2019un-projet-de-territoire\u00a0\"><img loading=\"lazy\" decoding=\"async\" width=\"550\" height=\"894\" data-id=\"608\" src=\"http:\/\/metamorphoses-urbaines.fr\/wp-content\/uploads\/2024\/01\/Capture-decran-2024-01-08-a-17.16.38.png\" alt=\"\" class=\"wp-image-608\" srcset=\"https:\/\/metamorphoses-urbaines.fr\/wp-content\/uploads\/2024\/01\/Capture-decran-2024-01-08-a-17.16.38.png 550w, https:\/\/metamorphoses-urbaines.fr\/wp-content\/uploads\/2024\/01\/Capture-decran-2024-01-08-a-17.16.38-185x300.png 185w\" sizes=\"auto, (max-width: 550px) 100vw, 550px\" \/><\/a><\/figure>\n<\/figure>\n\n\n\n<figure class=\"wp-block-image size-full is-resized\"><a href=\"https:\/\/radioterritoria.fr\/broadcast\/35-Peut-on-programmer-le-devenir-de-nos-territoires-en-int\u00e9grant-la-dimension-environnementale\"><img loading=\"lazy\" decoding=\"async\" width=\"546\" height=\"894\" src=\"http:\/\/metamorphoses-urbaines.fr\/wp-content\/uploads\/2024\/01\/Capture-decran-2024-01-08-a-17.17.01.png\" alt=\"\" class=\"wp-image-609\" style=\"width:383px;height:auto\" srcset=\"https:\/\/metamorphoses-urbaines.fr\/wp-content\/uploads\/2024\/01\/Capture-decran-2024-01-08-a-17.17.01.png 546w, https:\/\/metamorphoses-urbaines.fr\/wp-content\/uploads\/2024\/01\/Capture-decran-2024-01-08-a-17.17.01-183x300.png 183w\" sizes=\"auto, (max-width: 546px) 100vw, 546px\" \/><\/a><\/figure>\n","protected":false},"excerpt":{"rendered":"<p>L&rsquo;agence M\u00e9tamorphoses Urbaines a contribu\u00e9 \u00e0 plusieurs articles de presse, publications et valorisations \u00e9ditoriales. Dans le magazine Ecologik Des podcasts sur Radio Territoria<\/p>\n","protected":false},"author":1,"featured_media":0,"parent":0,"menu_order":0,"comment_status":"closed","ping_status":"closed","template":"","meta":{"neve_meta_sidebar":"","neve_meta_container":"","neve_meta_enable_content_width":"","neve_meta_content_width":0,"neve_meta_title_alignment":"","neve_meta_author_avatar":"","neve_post_elements_order":"","neve_meta_disable_header":"","neve_meta_disable_footer":"","neve_meta_disable_title":"","footnotes":""},"class_list":["post-561","page","type-page","status-publish","hentry"],"_links":{"self":[{"href":"https:\/\/metamorphoses-urbaines.fr\/index.php\/wp-json\/wp\/v2\/pages\/561","targetHints":{"allow":["GET"]}}],"collection":[{"href":"https:\/\/metamorphoses-urbaines.fr\/index.php\/wp-json\/wp\/v2\/pages"}],"about":[{"href":"https:\/\/metamorphoses-urbaines.fr\/index.php\/wp-json\/wp\/v2\/types\/page"}],"author":[{"embeddable":true,"href":"https:\/\/metamorphoses-urbaines.fr\/index.php\/wp-json\/wp\/v2\/users\/1"}],"replies":[{"embeddable":true,"href":"https:\/\/metamorphoses-urbaines.fr\/index.php\/wp-json\/wp\/v2\/comments?post=561"}],"version-history":[{"count":4,"href":"https:\/\/metamorphoses-urbaines.fr\/index.php\/wp-json\/wp\/v2\/pages\/561\/revisions"}],"predecessor-version":[{"id":610,"href":"https:\/\/metamorphoses-urbaines.fr\/index.php\/wp-json\/wp\/v2\/pages\/561\/revisions\/610"}],"wp:attachment":[{"href":"https:\/\/metamorphoses-urbaines.fr\/index.php\/wp-json\/wp\/v2\/media?parent=561"}],"curies":[{"name":"wp","href":"https:\/\/api.w.org\/{rel}","templated":true}]}}