{"id":440,"date":"2024-01-08T00:59:04","date_gmt":"2024-01-07T23:59:04","guid":{"rendered":"http:\/\/metamorphoses-urbaines.fr\/?page_id=440"},"modified":"2024-01-14T20:44:12","modified_gmt":"2024-01-14T19:44:12","slug":"evaluer-observer","status":"publish","type":"page","link":"https:\/\/metamorphoses-urbaines.fr\/index.php\/evaluer-observer\/","title":{"rendered":"Evaluer &#038; Observer"},"content":{"rendered":"\n<p>L&rsquo;\u00e9valuation est le troisi\u00e8me pilier de la d\u00e9marche de programmation \u00e9cologique de M\u00e9tamorphoses Urbaines. Chaque mission pr\u00e9sente l&rsquo;opportunit\u00e9 d&rsquo;observer la dynamique d&rsquo;un territoire et certaines missions sont d\u00e9di\u00e9es \u00e0 la cr\u00e9ation d&rsquo;un observatoire dans un objectif d&rsquo;\u00e9valuation et in fine d&rsquo;am\u00e9lioration.<br>L&rsquo;\u00e9quipe maitrise les indicateurs de suivi des projets tout comme les outils de repr\u00e9sentation et traitement SIG pour donner \u00e0 voir les informations.  <\/p>\n\n\n\n<h3 class=\"wp-block-heading\">S\u00e9lection de r\u00e9f\u00e9rences<\/h3>\n\n\n\n<div class=\"wp-block-columns is-layout-flex wp-container-core-columns-is-layout-9d6595d7 wp-block-columns-is-layout-flex\">\n<div class=\"wp-block-column is-layout-flow wp-block-column-is-layout-flow\">\n<figure class=\"wp-block-image size-large is-resized\"><img loading=\"lazy\" decoding=\"async\" width=\"1049\" height=\"787\" src=\"http:\/\/metamorphoses-urbaines.fr\/wp-content\/uploads\/2024\/01\/Valdoise-edited.jpg\" alt=\"\" class=\"wp-image-449\" style=\"width:368px;height:auto\" srcset=\"https:\/\/metamorphoses-urbaines.fr\/wp-content\/uploads\/2024\/01\/Valdoise-edited.jpg 1049w, https:\/\/metamorphoses-urbaines.fr\/wp-content\/uploads\/2024\/01\/Valdoise-edited-300x225.jpg 300w, https:\/\/metamorphoses-urbaines.fr\/wp-content\/uploads\/2024\/01\/Valdoise-edited-1024x768.jpg 1024w, https:\/\/metamorphoses-urbaines.fr\/wp-content\/uploads\/2024\/01\/Valdoise-edited-768x576.jpg 768w\" sizes=\"auto, (max-width: 1049px) 100vw, 1049px\" \/><figcaption class=\"wp-element-caption\">\u00a9 Laurent Villeret<\/figcaption><\/figure>\n\n\n\n<h3 class=\"wp-block-heading\">Cr\u00e9er un observatoire du foncier public dans le Val d&rsquo;Oise <\/h3>\n\n\n\n<p>DDT du Val d&rsquo;Oise<br>2023-2024<br>Avec ASM<\/p>\n<\/div>\n\n\n\n<div class=\"wp-block-column is-layout-flow wp-block-column-is-layout-flow\">\n<figure class=\"wp-block-image size-large is-resized\"><img loading=\"lazy\" decoding=\"async\" width=\"2362\" height=\"1770\" src=\"http:\/\/metamorphoses-urbaines.fr\/wp-content\/uploads\/2024\/01\/Les_Tartres_DSC8317-copie-1-edited.jpg\" alt=\"\" class=\"wp-image-448\" style=\"width:368px;height:auto\" srcset=\"https:\/\/metamorphoses-urbaines.fr\/wp-content\/uploads\/2024\/01\/Les_Tartres_DSC8317-copie-1-edited.jpg 2362w, https:\/\/metamorphoses-urbaines.fr\/wp-content\/uploads\/2024\/01\/Les_Tartres_DSC8317-copie-1-edited-300x225.jpg 300w, https:\/\/metamorphoses-urbaines.fr\/wp-content\/uploads\/2024\/01\/Les_Tartres_DSC8317-copie-1-edited-1024x767.jpg 1024w, https:\/\/metamorphoses-urbaines.fr\/wp-content\/uploads\/2024\/01\/Les_Tartres_DSC8317-copie-1-edited-768x576.jpg 768w, https:\/\/metamorphoses-urbaines.fr\/wp-content\/uploads\/2024\/01\/Les_Tartres_DSC8317-copie-1-edited-1536x1151.jpg 1536w, https:\/\/metamorphoses-urbaines.fr\/wp-content\/uploads\/2024\/01\/Les_Tartres_DSC8317-copie-1-edited-2048x1535.jpg 2048w\" sizes=\"auto, (max-width: 2362px) 100vw, 2362px\" \/><figcaption class=\"wp-element-caption\">\u00a9 Martyna Pawlak<\/figcaption><\/figure>\n\n\n\n<h3 class=\"wp-block-heading\">Observatoire des espaces publics de la ZAC des Tartres<\/h3>\n\n\n\n<p>Plan de gestion innovant des espaces publics<br>Plaine Commune<br>Avec UrbanEco, Cronos, ASM<\/p>\n<\/div>\n\n\n\n<div class=\"wp-block-column is-layout-flow wp-block-column-is-layout-flow\">\n<figure class=\"wp-block-image size-large is-resized\"><img loading=\"lazy\" decoding=\"async\" width=\"1153\" height=\"865\" src=\"http:\/\/metamorphoses-urbaines.fr\/wp-content\/uploads\/2024\/01\/polarites-edited.jpg\" alt=\"\" class=\"wp-image-455\" style=\"width:368px;height:auto\" srcset=\"https:\/\/metamorphoses-urbaines.fr\/wp-content\/uploads\/2024\/01\/polarites-edited.jpg 1153w, https:\/\/metamorphoses-urbaines.fr\/wp-content\/uploads\/2024\/01\/polarites-edited-300x225.jpg 300w, https:\/\/metamorphoses-urbaines.fr\/wp-content\/uploads\/2024\/01\/polarites-edited-1024x768.jpg 1024w, https:\/\/metamorphoses-urbaines.fr\/wp-content\/uploads\/2024\/01\/polarites-edited-768x576.jpg 768w\" sizes=\"auto, (max-width: 1153px) 100vw, 1153px\" \/><\/figure>\n\n\n\n<h3 class=\"wp-block-heading\">Observatoire des polarit\u00e9s urbaines en Rh\u00f4ne-Alpes<\/h3>\n\n\n\n<p>Etude, 2018<br>R\u00e9gion Auvergne Rh\u00f4ne Alpes<br>Avec ASM<\/p>\n\n\n\n<p> <\/p>\n<\/div>\n<\/div>\n","protected":false},"excerpt":{"rendered":"<p>L&rsquo;\u00e9valuation est le troisi\u00e8me pilier de la d\u00e9marche de programmation \u00e9cologique de M\u00e9tamorphoses Urbaines. Chaque mission pr\u00e9sente l&rsquo;opportunit\u00e9 d&rsquo;observer la dynamique d&rsquo;un territoire et certaines missions sont d\u00e9di\u00e9es \u00e0 la cr\u00e9ation d&rsquo;un observatoire dans un objectif d&rsquo;\u00e9valuation et in fine d&rsquo;am\u00e9lioration.L&rsquo;\u00e9quipe maitrise les indicateurs de suivi des projets tout comme les outils de repr\u00e9sentation et&hellip;&nbsp;<a href=\"https:\/\/metamorphoses-urbaines.fr\/index.php\/evaluer-observer\/\" class=\"\" rel=\"bookmark\">Lire la suite &raquo;<span class=\"screen-reader-text\">Evaluer &#038; Observer<\/span><\/a><\/p>\n","protected":false},"author":1,"featured_media":0,"parent":0,"menu_order":0,"comment_status":"closed","ping_status":"closed","template":"","meta":{"neve_meta_sidebar":"","neve_meta_container":"","neve_meta_enable_content_width":"","neve_meta_content_width":0,"neve_meta_title_alignment":"","neve_meta_author_avatar":"","neve_post_elements_order":"","neve_meta_disable_header":"","neve_meta_disable_footer":"","neve_meta_disable_title":"","footnotes":""},"class_list":["post-440","page","type-page","status-publish","hentry"],"_links":{"self":[{"href":"https:\/\/metamorphoses-urbaines.fr\/index.php\/wp-json\/wp\/v2\/pages\/440","targetHints":{"allow":["GET"]}}],"collection":[{"href":"https:\/\/metamorphoses-urbaines.fr\/index.php\/wp-json\/wp\/v2\/pages"}],"about":[{"href":"https:\/\/metamorphoses-urbaines.fr\/index.php\/wp-json\/wp\/v2\/types\/page"}],"author":[{"embeddable":true,"href":"https:\/\/metamorphoses-urbaines.fr\/index.php\/wp-json\/wp\/v2\/users\/1"}],"replies":[{"embeddable":true,"href":"https:\/\/metamorphoses-urbaines.fr\/index.php\/wp-json\/wp\/v2\/comments?post=440"}],"version-history":[{"count":7,"href":"https:\/\/metamorphoses-urbaines.fr\/index.php\/wp-json\/wp\/v2\/pages\/440\/revisions"}],"predecessor-version":[{"id":771,"href":"https:\/\/metamorphoses-urbaines.fr\/index.php\/wp-json\/wp\/v2\/pages\/440\/revisions\/771"}],"wp:attachment":[{"href":"https:\/\/metamorphoses-urbaines.fr\/index.php\/wp-json\/wp\/v2\/media?parent=440"}],"curies":[{"name":"wp","href":"https:\/\/api.w.org\/{rel}","templated":true}]}}